{"id":10966,"date":"2021-10-28T19:45:01","date_gmt":"2021-10-28T17:45:01","guid":{"rendered":"https:\/\/www.ptop.wloclawek.pl\/home\/?page_id=10966"},"modified":"2022-04-16T17:03:18","modified_gmt":"2022-04-16T15:03:18","slug":"podaruj-1-podatku","status":"publish","type":"page","link":"https:\/\/www.ptop.wloclawek.pl\/home\/podaruj-1-podatku\/","title":{"rendered":"Podaruj 1% podatku"},"content":{"rendered":"\t\t<div data-elementor-type=\"wp-page\" data-elementor-id=\"10966\" class=\"elementor elementor-10966\" data-elementor-settings=\"{&quot;ha_cmc_init_switcher&quot;:&quot;no&quot;}\" data-elementor-post-type=\"page\">\n\t\t\t\t\t\t<section class=\"elementor-section elementor-top-section elementor-element elementor-element-80588cc elementor-section-full_width elementor-section-height-min-height elementor-section-height-default elementor-section-items-middle\" data-id=\"80588cc\" data-element_type=\"section\" data-e-type=\"section\" data-settings=\"{&quot;background_background&quot;:&quot;classic&quot;,&quot;shape_divider_top&quot;:&quot;splash&quot;,&quot;_ha_eqh_enable&quot;:false}\">\n\t\t\t\t\t<div class=\"elementor-shape elementor-shape-top\" aria-hidden=\"true\" data-negative=\"false\">\n\t\t\t<svg xmlns=\"http:\/\/www.w3.org\/2000\/svg\" viewBox=\"0 0 4080 400\" preserveAspectRatio=\"none\">\n<g>\n\t<path class=\"elementor-shape-fill ha-shape-divider\" d=\"M2369.3,238c-20.3-2.3-9.4,32.8,3.9,15.6C2378.6,247.3,2376.3,238.8,2369.3,238z\"\/>\n\t<path class=\"elementor-shape-fill ha-shape-divider\" d=\"M2377.8,320.7c6.2,5.5,14-8.6,13.3-10.9C2385.6,301.2,2371.6,315.2,2377.8,320.7z\"\/>\n\t<path class=\"elementor-shape-fill ha-shape-divider\" d=\"M2263.9,241.1c-17.2,4.7-8.6,25,4.7,10.1C2272.5,245,2270.9,238.8,2263.9,241.1z\"\/>\n\t<path class=\"elementor-shape-fill ha-shape-divider\" d=\"M2402.8,209.9c-7,0.8-9.4,9.4-3.9,15.6C2412.2,242.7,2423.1,207.5,2402.8,209.9z\"\/>\n\t<path class=\"elementor-shape-fill ha-shape-divider\" d=\"M2508.1,213c-6.2-1.6-8.6,4.7-4.7,10.1C2516.7,237.2,2525.3,217.7,2508.1,213z\"\/>\n\t<path class=\"elementor-shape-fill ha-shape-divider\" d=\"M2508.1,180.2c14-14.8-30.4-15.6-12.5-2.3C2498.8,180.2,2505,183.4,2508.1,180.2z\"\/>\n\t<path class=\"elementor-shape-fill ha-shape-divider\" d=\"M863.3,99.6c7.5-1.4,8.7,1,9.5,1.8c7.8,10.1,13.5,24.6,34.5,31.8c19.2,6,35.7-10.1,50.5-13.2c23.4-7.8,32.8-16.2,59.4-20.1\n\t\tc25-3.9,54.6-5.5,80.4-7c21.8-0.8,42.1-0.8,57.7,9.4c14.8,8.6,13.3,19.5,31.2,25.7c70.8,23.6,121.5-20.3,181.8-37\n\t\tc4.1-1.1,8.6,0.6,10.6,4.3c3.9,7.2-4.6,15.1-5.2,22.5c2.3,39,57,2.3,82.7-7.8c13.3-5.5,23.4-7.8,31.2-7.8c4.2,0,6.7,0,10.9,1.6\n\t\tc13.3,4.7,18.7,17.9,28.1,28.9c-7.8,3.1-16.4,5.5-22.6,10.9c-7.8,7-6.2,17.2,5.5,17.2c8.6,0,20.3-10.9,25.7-15.6\n\t\tc0.8-0.8,1.6-1.6,2.3-3.1c15.6,9.4,39.8,10.9,64,4.7c-3.9,8.6-7.8,17.2-3.1,21.8c8.6,8.6,25-4.7,34.3,1.6\n\t\tc13.3,8.6-36.7,34.3,4.7,36.7c8.6,0,21.8-2.3,20.3,9.4c-0.8,8.6-15.6,7.8-17.2,17.9c-0.8,10.9,17.2,8.6,8.6,23.4\n\t\tc-5.5,7.8-21.1,10.9-23.4,20.3c-2.3,13.3,10.9,7.8,17.2,3.9c9.4-6.2,14.8-21.1,25.7-26.5c8.6-5.5,17.9-1.6,23.4-14\n\t\tc2.3-6.2-0.8-23.4,7.8-26.5c18.7-6.2-6.2,47.6,19.5,36.7c14-7,7.8-36.7,13.3-47.6c3.9-7,10.9-20.3,21.1-15.6c1.6,1,2.4,2.1,3.1,3.1\n\t\tc0.3,1.2,0.7,3,0.9,4.2c-0.6,5.6-4.2,12.1,1.5,15.4c5.5,3.9,14-3.1,19.5-9.4c0.8-0.8,1.6-0.8,1.6-1.6c0.8-1.6,1.6-2.3,2.3-3.1\n\t\tc10.9-13.3,8.6-38.2,24.2-53.1c3.5-3.5,12.7-11,20.4-12.2c4.9-0.8,9.1-3.9,10.9-8.6c4.7-12.3,8.7-25,12.2-38.1\n\t\tc0.6-2.4,2.1-4.5,4.2-5.9c0,0,0.1,0,0.1-0.1c4.7-3.1,11-1.8,14.1,2.8c3.3,4.9,5.4,10.4,5.9,15.9c3.1,43.7-88.9,99.1-87.4,126.4\n\t\tc0,0,1.6,6.2,1.6,10.9c2.3,36.7-51.5,64-53.8,75.7c-0.8,3.9,4.7,9.4,16.4,8.6c55.4-3.9,78.8-101.4,98.3-103\n\t\tc5.5-0.8,13.3,6.2,14,17.2c0.8,10.9-5.5,21.8-4.7,33.6c0.8,8.6,5.5,8.6,10.1,8.6c25-1.6,31.2-106.1,86.6-110\n\t\tc67.9-4.7,39,109.2,74.1,106.9c17.9-1.6,42.1-31.2,47.6-32c14.8-0.8,4.7,33.6,42.9,31.2c6.2-0.8,14-2.3,14-2.3\n\t\tc14-0.8,6.2,22.6,19.5,21.8c3.9,0,7-3.1,10.9-3.9c10.1-0.8,28.1,23.4,45.3,21.8c7-0.8,17.9-6.2,17.2-17.2\n\t\tc-1.6-24.2-41.4-7-56.2-42.9c-5.5-14-2.3-34.3-16.4-45.3c-17.2-13.3-84.3-74.1-86.6-102.2c-0.7-11.2,0.5-21.7,3.5-30\n\t\tc0.6-1.7,2.3-2.8,4.1-2.8l0,0c0.6,0,1.2,0.1,1.7,0.4c0,0,0,0,0,0c3,1.3,5.4,3.7,6.7,6.6c8.8,20.2,18.3,39.7,29.2,58.5\n\t\tc7-6.2,23.4,3.1,28.9,7c17.2,12.5,18.7,37.5,31.2,49.2c3.9,4.7,19.5,17.2,25.7,10.9c7-6.2-7-17.2,2.3-23.4\n\t\tc10.1-6.2,18.7,6.2,23.4,12.5c7,10.9,4.7,40.6,19.5,45.3c27.3,7.8-4.7-42.1,14-39c2.3,0.8,3.9,2.3,5.5,4.7c-4.7,1.6-7,5.5-2.3,10.9\n\t\tc1.6,1.6,3.9,1.6,5.5,0.8c0.8,3.9,1.6,7,2.3,9.4c7,11.7,15.6,7,25,10.9c10.9,3.9,18.7,17.9,28.9,22.6c7,3.9,20.3,7,16.4-6.2\n\t\tc-3.1-9.4-19.5-10.1-25.7-17.2c-10.1-13.3,7.8-13.3,5.5-24.2c-2.3-9.4-17.2-6.2-19.5-14.8c-3.1-11.7,10.1-10.9,18.7-12.5\n\t\tc39.8-7.8-12.5-25.7-0.8-36.7c3-2.5,6.7-3.1,10.5-3c3.5,0.1,7,1.1,10.2,2.6c2,0.9,4.3,1.8,6.5,2.7c28.9,9.4,59.3,7,74.9-5.5\n\t\tc7.8-6.2,12.5-15.6,17.9-22.6h0.8c6.4-0.7,9.6-4.7,8.9-8.4c-0.1-0.6,0.1-1.2,0.7-1.5c0,0,0,0,0,0c3.2-1.8,6.7-3,10.4-3.4\n\t\tc0.6-0.1,1.3-0.1,1.9-0.2c3.2-0.4,6.5-0.5,9.7,0c6.7,0.9,14.8,3.3,24.6,7.3c23.5,9.3,71,40.6,80.9,16.4c2-4.9,1.6-10.5-0.6-15.3\n\t\tc-2.6-5.3-5.7-10.8-2.9-15.8c2.1-3.8,6.7-5.4,10.8-4.3c60.3,16.7,111.8,60.6,181.7,37c18.7-7,16.4-17.9,31.2-25.7\n\t\tc15.6-10.1,35.9-10.1,57.7-9.4c25.7,1.6,55.4,3.1,80.4,7c26.5,3.9,36.7,15.6,60.1,23.4c20.5,6.9,36.4,6.9,48.2,4.7\n\t\tc22.3-3.7,28.3-16.4,36.1-26.6c0,0,0.1-0.1,0.1-0.1c4.2-4.3,10-6.7,16-6.4c343.3,20.2,985.4,43.9,985.4,43.9V0L0,0l0,138.1\n\t\tC3.9,138.1,588.6,118.4,863.3,99.6z\"\/>\n\t<path class=\"elementor-shape-fill ha-shape-divider\" d=\"M1748.2,273.1c2.3,0,3.1-2.3,3.1-4.7c0-3.9-5.5-7-9.4-6.2c-3.1,0-4.7,2.3-4.7,5.5C1736.5,271.5,1743.5,273.1,1748.2,273.1z\n\t\t\"\/>\n\t<path class=\"elementor-shape-fill ha-shape-divider\" d=\"M1792.7,319.1c-5.5,4.7-7.8,8.6-14,10.9c-18.7,7.8-22.6,19.5-21.8,23.4c0,4.7,3.9,5.5,10.9,4.7\n\t\tc17.9-1.6,31.2-17.2,33.6-30.4C1802.8,319.1,1798.9,313.7,1792.7,319.1z\"\/>\n\t<path class=\"elementor-shape-fill ha-shape-divider\" d=\"M1821.5,347.2c-3.1,0-11.7,8.6-10.9,19.5c0.8,5.5,3.1,10.9,8.6,10.9c4.7,0,12.5-5.5,11.7-13.3\n\t\tC1830.1,355.8,1826.2,346.4,1821.5,347.2z\"\/>\n\t<path class=\"elementor-shape-fill ha-shape-divider\" d=\"M1866.8,298.1c-6.2,0.8-12.5,10.9-12.5,17.2c0.8,6.2,4.7,9.4,7.8,9.4c3.9,0,10.1-4.7,9.4-15.6\n\t\tC1872.2,306.6,1870.7,298.1,1866.8,298.1z\"\/>\n\t<path class=\"elementor-shape-fill ha-shape-divider\" d=\"M2068.9,288.7c-1.6,1.6-2.3,3.9-1.6,6.2c0,2.3,14,43.7,19.5,42.9c7-0.8,10.1-7,9.4-14S2072,284.8,2068.9,288.7z\"\/>\n\t<path class=\"elementor-shape-fill ha-shape-divider\" d=\"M2168.7,302.7c-2.3,0-8.6,7.8-7.8,15.6c0.8,7.8,6.2,12.5,10.9,11.7c3.9,0,6.2-10.1,5.5-15.6\n\t\tC2176.5,306.6,2171.9,302.7,2168.7,302.7z\"\/>\n\t<path class=\"elementor-shape-fill ha-shape-divider\" d=\"M2211.6,322.2c-3.9,0-7,0.8-7,5.5c0.8,7,6.2,14.8,12.5,14c4.7,0,5.5-2.3,5.5-6.2C2222.6,328.5,2218.7,321.5,2211.6,322.2z\"\n\t\t\/>\n\t<path class=\"elementor-shape-fill ha-shape-divider\" d=\"M2243.6,278.5c-2.3,0.8-1.6,3.1-1.6,5.5c0,4.7,4.7,7.8,8.6,7.8C2260,290.2,2251.4,276.2,2243.6,278.5z\"\/>\n\t<path class=\"elementor-shape-fill ha-shape-divider\" d=\"M2027.5,306.6c-5.5-1.6-5.5,8.6-4.7,12.5c0.8,10.1,13.3,21.8,12.5,9.4C2034.5,323,2033.8,307.4,2027.5,306.6z\"\/>\n\t<path class=\"elementor-shape-fill ha-shape-divider\" d=\"M2019.7,358.1c0,0-6.2,0-5.5,5.5c0,3.1,5.5,8.6,9.4,8.6c2.3,0,3.9-2.3,3.9-5.5C2027.5,362.8,2024.4,358.9,2019.7,358.1z\"\/>\n\t<path class=\"elementor-shape-fill ha-shape-divider\" d=\"M1831.7,268.4c-5.5-0.8-12.5,8.6-11.7,17.9c0,3.9,1.6,3.9,3.9,3.9c6.2-0.8,10.9-6.2,10.9-11.7\n\t\tC1834.8,276.2,1833.2,268.4,1831.7,268.4z\"\/>\n<\/g>\n<\/svg>\n\t\t<\/div>\n\t\t\t\t\t<div class=\"elementor-container elementor-column-gap-default\">\n\t\t\t\t\t<div class=\"elementor-column elementor-col-100 elementor-top-column elementor-element elementor-element-0554c10\" data-id=\"0554c10\" data-element_type=\"column\" data-e-type=\"column\">\n\t\t\t<div class=\"elementor-widget-wrap elementor-element-populated\">\n\t\t\t\t\t\t<div class=\"elementor-element elementor-element-715c49e elementor-widget elementor-widget-heading\" data-id=\"715c49e\" data-element_type=\"widget\" data-e-type=\"widget\" data-widget_type=\"heading.default\">\n\t\t\t\t<div class=\"elementor-widget-container\">\n\t\t\t\t\t<h2 class=\"elementor-heading-title elementor-size-default\">Podaruj 1% podatku<\/h2>\t\t\t\t<\/div>\n\t\t\t\t<\/div>\n\t\t\t\t\t<\/div>\n\t\t<\/div>\n\t\t\t\t\t<\/div>\n\t\t<\/section>\n\t\t\t\t<section class=\"elementor-section elementor-top-section elementor-element elementor-element-9b4d0f1 elementor-section-boxed elementor-section-height-default elementor-section-height-default\" data-id=\"9b4d0f1\" data-element_type=\"section\" data-e-type=\"section\" data-settings=\"{&quot;background_background&quot;:&quot;classic&quot;,&quot;_ha_eqh_enable&quot;:false}\">\n\t\t\t\t\t\t<div class=\"elementor-container elementor-column-gap-default\">\n\t\t\t\t\t<div class=\"elementor-column elementor-col-100 elementor-top-column elementor-element elementor-element-13b8e7b\" data-id=\"13b8e7b\" data-element_type=\"column\" data-e-type=\"column\" data-settings=\"{&quot;background_background&quot;:&quot;classic&quot;}\">\n\t\t\t<div class=\"elementor-widget-wrap elementor-element-populated\">\n\t\t\t\t\t\t<section class=\"elementor-section elementor-inner-section elementor-element elementor-element-d6de5ab elementor-section-boxed elementor-section-height-default elementor-section-height-default\" data-id=\"d6de5ab\" data-element_type=\"section\" data-e-type=\"section\" data-settings=\"{&quot;_ha_eqh_enable&quot;:false}\">\n\t\t\t\t\t\t<div class=\"elementor-container elementor-column-gap-default\">\n\t\t\t\t\t<div class=\"elementor-column elementor-col-50 elementor-inner-column elementor-element elementor-element-27a151c\" data-id=\"27a151c\" data-element_type=\"column\" data-e-type=\"column\" data-settings=\"{&quot;background_background&quot;:&quot;classic&quot;}\">\n\t\t\t<div class=\"elementor-widget-wrap elementor-element-populated\">\n\t\t\t\t\t\t<section class=\"elementor-section elementor-inner-section elementor-element elementor-element-ecd5923 elementor-section-boxed elementor-section-height-default elementor-section-height-default\" data-id=\"ecd5923\" data-element_type=\"section\" data-e-type=\"section\" data-settings=\"{&quot;_ha_eqh_enable&quot;:false}\">\n\t\t\t\t\t\t<div class=\"elementor-container elementor-column-gap-default\">\n\t\t\t\t\t<div class=\"elementor-column elementor-col-100 elementor-inner-column elementor-element elementor-element-a0fdf19\" data-id=\"a0fdf19\" data-element_type=\"column\" data-e-type=\"column\" data-settings=\"{&quot;background_background&quot;:&quot;classic&quot;}\">\n\t\t\t<div class=\"elementor-widget-wrap elementor-element-populated\">\n\t\t\t\t\t\t<div class=\"elementor-element elementor-element-253964c elementor-widget elementor-widget-image\" data-id=\"253964c\" data-element_type=\"widget\" data-e-type=\"widget\" data-widget_type=\"image.default\">\n\t\t\t\t<div class=\"elementor-widget-container\">\n\t\t\t\t\t\t\t\t\t\t\t\t\t\t\t<img decoding=\"async\" width=\"300\" height=\"149\" src=\"https:\/\/www.ptop.wloclawek.pl\/home\/wp-content\/uploads\/2022\/04\/1proc-we-wloclawku-300x149.jpg\" class=\"attachment-medium size-medium wp-image-12428\" alt=\"\" srcset=\"https:\/\/www.ptop.wloclawek.pl\/home\/wp-content\/uploads\/2022\/04\/1proc-we-wloclawku-300x149.jpg 300w, https:\/\/www.ptop.wloclawek.pl\/home\/wp-content\/uploads\/2022\/04\/1proc-we-wloclawku-768x381.jpg 768w, https:\/\/www.ptop.wloclawek.pl\/home\/wp-content\/uploads\/2022\/04\/1proc-we-wloclawku.jpg 807w\" sizes=\"(max-width: 300px) 100vw, 300px\" \/>\t\t\t\t\t\t\t\t\t\t\t\t\t\t\t<\/div>\n\t\t\t\t<\/div>\n\t\t\t\t\t<\/div>\n\t\t<\/div>\n\t\t\t\t\t<\/div>\n\t\t<\/section>\n\t\t\t\t\t<\/div>\n\t\t<\/div>\n\t\t\t\t<div class=\"elementor-column elementor-col-50 elementor-inner-column elementor-element elementor-element-022e13e\" data-id=\"022e13e\" data-element_type=\"column\" data-e-type=\"column\" data-settings=\"{&quot;background_background&quot;:&quot;classic&quot;}\">\n\t\t\t<div class=\"elementor-widget-wrap elementor-element-populated\">\n\t\t\t\t\t\t<section class=\"elementor-section elementor-inner-section elementor-element elementor-element-7970be9 elementor-section-boxed elementor-section-height-default elementor-section-height-default\" data-id=\"7970be9\" data-element_type=\"section\" data-e-type=\"section\" data-settings=\"{&quot;_ha_eqh_enable&quot;:false}\">\n\t\t\t\t\t\t<div class=\"elementor-container elementor-column-gap-default\">\n\t\t\t\t\t<div class=\"elementor-column elementor-col-100 elementor-inner-column elementor-element elementor-element-963725d\" data-id=\"963725d\" data-element_type=\"column\" data-e-type=\"column\">\n\t\t\t<div class=\"elementor-widget-wrap elementor-element-populated\">\n\t\t\t\t\t\t<div class=\"elementor-element elementor-element-c18ed71 elementor-widget elementor-widget-video\" data-id=\"c18ed71\" data-element_type=\"widget\" data-e-type=\"widget\" data-settings=\"{&quot;video_type&quot;:&quot;hosted&quot;,&quot;start&quot;:0,&quot;autoplay&quot;:&quot;yes&quot;,&quot;play_on_mobile&quot;:&quot;yes&quot;,&quot;controls&quot;:&quot;yes&quot;}\" data-widget_type=\"video.default\">\n\t\t\t\t<div class=\"elementor-widget-container\">\n\t\t\t\t\t\t\t<div class=\"e-hosted-video elementor-wrapper elementor-open-inline\">\n\t\t\t\t\t<video class=\"elementor-video\" src=\"https:\/\/www.ptop.wloclawek.pl\/home\/wp-content\/uploads\/2022\/04\/1procent-PTOP-Wloclawek-konw.mp4\" autoplay=\"\" controls=\"\" playsinline=\"\" controlsList=\"nodownload\" poster=\"https:\/\/www.ptop.wloclawek.pl\/home\/wp-content\/uploads\/2022\/04\/1proc-ptop-okladka.png\"><\/video>\n\t\t\t\t<\/div>\n\t\t\t\t\t\t<\/div>\n\t\t\t\t<\/div>\n\t\t\t\t\t<\/div>\n\t\t<\/div>\n\t\t\t\t\t<\/div>\n\t\t<\/section>\n\t\t\t\t\t<\/div>\n\t\t<\/div>\n\t\t\t\t\t<\/div>\n\t\t<\/section>\n\t\t\t\t\t<\/div>\n\t\t<\/div>\n\t\t\t\t\t<\/div>\n\t\t<\/section>\n\t\t\t\t<section class=\"elementor-section elementor-top-section elementor-element elementor-element-fd6bfe5 elementor-section-boxed elementor-section-height-default elementor-section-height-default\" data-id=\"fd6bfe5\" data-element_type=\"section\" data-e-type=\"section\" data-settings=\"{&quot;background_background&quot;:&quot;classic&quot;,&quot;_ha_eqh_enable&quot;:false}\">\n\t\t\t\t\t\t<div class=\"elementor-container elementor-column-gap-default\">\n\t\t\t\t\t<div class=\"elementor-column elementor-col-100 elementor-top-column elementor-element elementor-element-43ee540\" data-id=\"43ee540\" data-element_type=\"column\" data-e-type=\"column\" data-settings=\"{&quot;background_background&quot;:&quot;classic&quot;}\">\n\t\t\t<div class=\"elementor-widget-wrap elementor-element-populated\">\n\t\t\t\t\t\t<section class=\"elementor-section elementor-inner-section elementor-element elementor-element-0af8bb6 elementor-section-boxed elementor-section-height-default elementor-section-height-default\" data-id=\"0af8bb6\" data-element_type=\"section\" data-e-type=\"section\" data-settings=\"{&quot;_ha_eqh_enable&quot;:false}\">\n\t\t\t\t\t\t<div class=\"elementor-container elementor-column-gap-default\">\n\t\t\t\t\t<div class=\"elementor-column elementor-col-50 elementor-inner-column elementor-element elementor-element-829e999\" data-id=\"829e999\" data-element_type=\"column\" data-e-type=\"column\" data-settings=\"{&quot;background_background&quot;:&quot;classic&quot;}\">\n\t\t\t<div class=\"elementor-widget-wrap elementor-element-populated\">\n\t\t\t\t\t\t<section class=\"elementor-section elementor-inner-section elementor-element elementor-element-e5fb12d elementor-section-boxed elementor-section-height-default elementor-section-height-default\" data-id=\"e5fb12d\" data-element_type=\"section\" data-e-type=\"section\" data-settings=\"{&quot;_ha_eqh_enable&quot;:false}\">\n\t\t\t\t\t\t<div class=\"elementor-container elementor-column-gap-default\">\n\t\t\t\t\t<div class=\"elementor-column elementor-col-100 elementor-inner-column elementor-element elementor-element-ffa14d3\" data-id=\"ffa14d3\" data-element_type=\"column\" data-e-type=\"column\" data-settings=\"{&quot;background_background&quot;:&quot;classic&quot;}\">\n\t\t\t<div class=\"elementor-widget-wrap elementor-element-populated\">\n\t\t\t\t\t\t<div class=\"elementor-element elementor-element-cc11ff2 elementor-widget elementor-widget-image\" data-id=\"cc11ff2\" data-element_type=\"widget\" data-e-type=\"widget\" data-widget_type=\"image.default\">\n\t\t\t\t<div class=\"elementor-widget-container\">\n\t\t\t\t\t\t\t\t\t\t\t\t\t\t\t<img decoding=\"async\" width=\"240\" height=\"160\" src=\"https:\/\/www.ptop.wloclawek.pl\/home\/wp-content\/uploads\/2021\/10\/1procent.png\" class=\"attachment-medium size-medium wp-image-10911\" alt=\"\" \/>\t\t\t\t\t\t\t\t\t\t\t\t\t\t\t<\/div>\n\t\t\t\t<\/div>\n\t\t\t\t\t<\/div>\n\t\t<\/div>\n\t\t\t\t\t<\/div>\n\t\t<\/section>\n\t\t\t\t<section class=\"elementor-section elementor-inner-section elementor-element elementor-element-b6384e2 elementor-section-boxed elementor-section-height-default elementor-section-height-default\" data-id=\"b6384e2\" data-element_type=\"section\" data-e-type=\"section\" data-settings=\"{&quot;_ha_eqh_enable&quot;:false}\">\n\t\t\t\t\t\t<div class=\"elementor-container elementor-column-gap-default\">\n\t\t\t\t\t<div class=\"elementor-column elementor-col-100 elementor-inner-column elementor-element elementor-element-dfe5606\" data-id=\"dfe5606\" data-element_type=\"column\" data-e-type=\"column\" data-settings=\"{&quot;background_background&quot;:&quot;classic&quot;}\">\n\t\t\t<div class=\"elementor-widget-wrap elementor-element-populated\">\n\t\t\t\t\t\t<div class=\"elementor-element elementor-element-cd93d94 elementor-widget elementor-widget-text-editor\" data-id=\"cd93d94\" data-element_type=\"widget\" data-e-type=\"widget\" data-widget_type=\"text-editor.default\">\n\t\t\t\t<div class=\"elementor-widget-container\">\n\t\t\t\t\t\t\t\t\t<p style=\"text-align: center;\">Przeka\u017c nam <strong><span style=\"color: #ff9900;\">1%<\/span><\/strong> podatku w ramach rocznej deklaracji podatkowej i pom\u00f3\u017c nam zatroszczy\u0107 si\u0119 o naszych Pacjent\u00f3w i Podopiecznych. Dla Ciebie to niewiele, a dla nas bardzo du\u017co.<\/p>\t\t\t\t\t\t\t\t<\/div>\n\t\t\t\t<\/div>\n\t\t\t\t\t<\/div>\n\t\t<\/div>\n\t\t\t\t\t<\/div>\n\t\t<\/section>\n\t\t\t\t\t<\/div>\n\t\t<\/div>\n\t\t\t\t<div class=\"elementor-column elementor-col-50 elementor-inner-column elementor-element elementor-element-e66f5de\" data-id=\"e66f5de\" data-element_type=\"column\" data-e-type=\"column\" data-settings=\"{&quot;background_background&quot;:&quot;classic&quot;}\">\n\t\t\t<div class=\"elementor-widget-wrap elementor-element-populated\">\n\t\t\t\t\t\t<section class=\"elementor-section elementor-inner-section elementor-element elementor-element-a7de0d1 elementor-section-boxed elementor-section-height-default elementor-section-height-default\" data-id=\"a7de0d1\" data-element_type=\"section\" data-e-type=\"section\" data-settings=\"{&quot;_ha_eqh_enable&quot;:false}\">\n\t\t\t\t\t\t<div class=\"elementor-container elementor-column-gap-default\">\n\t\t\t\t\t<div class=\"elementor-column elementor-col-100 elementor-inner-column elementor-element elementor-element-6e11405\" data-id=\"6e11405\" data-element_type=\"column\" data-e-type=\"column\">\n\t\t\t<div class=\"elementor-widget-wrap elementor-element-populated\">\n\t\t\t\t\t\t<div class=\"elementor-element elementor-element-63abc35 elementor-widget elementor-widget-text-editor\" data-id=\"63abc35\" data-element_type=\"widget\" data-e-type=\"widget\" data-widget_type=\"text-editor.default\">\n\t\t\t\t<div class=\"elementor-widget-container\">\n\t\t\t\t\t\t\t\t\t<p><span style=\"color: #008000;\"><strong>KROK 1:<\/strong><\/span><br \/>Wype\u0142nij deklaracj\u0119 podatkow\u0105 PIT.<\/p>\t\t\t\t\t\t\t\t<\/div>\n\t\t\t\t<\/div>\n\t\t\t\t<div class=\"elementor-element elementor-element-be8cacf elementor-align-center elementor-widget elementor-widget-button\" data-id=\"be8cacf\" data-element_type=\"widget\" data-e-type=\"widget\" data-widget_type=\"button.default\">\n\t\t\t\t<div class=\"elementor-widget-container\">\n\t\t\t\t\t\t\t\t\t<div class=\"elementor-button-wrapper\">\n\t\t\t\t\t<a class=\"elementor-button elementor-button-link elementor-size-md\" href=\"https:\/\/www.podatki.gov.pl\/pit\/formularze-do-druku-pit\/\">\n\t\t\t\t\t\t<span class=\"elementor-button-content-wrapper\">\n\t\t\t\t\t\t<span class=\"elementor-button-icon\">\n\t\t\t\t\t\t\t<\/span>\n\t\t\t\t\t\t\t\t\t<span class=\"elementor-button-text\">Pobierz druk PIT<\/span>\n\t\t\t\t\t<\/span>\n\t\t\t\t\t<\/a>\n\t\t\t\t<\/div>\n\t\t\t\t\t\t\t\t<\/div>\n\t\t\t\t<\/div>\n\t\t\t\t<div class=\"elementor-element elementor-element-ff3c3e1 elementor-align-center elementor-widget elementor-widget-button\" data-id=\"ff3c3e1\" data-element_type=\"widget\" data-e-type=\"widget\" data-widget_type=\"button.default\">\n\t\t\t\t<div class=\"elementor-widget-container\">\n\t\t\t\t\t\t\t\t\t<div class=\"elementor-button-wrapper\">\n\t\t\t\t\t<a class=\"elementor-button elementor-button-link elementor-size-md\" href=\"https:\/\/www.podatki.gov.pl\/pit\/twoj-e-pit\/\">\n\t\t\t\t\t\t<span class=\"elementor-button-content-wrapper\">\n\t\t\t\t\t\t<span class=\"elementor-button-icon\">\n\t\t\t\t\t\t\t<\/span>\n\t\t\t\t\t\t\t\t\t<span class=\"elementor-button-text\">Tw\u00f3j e-PIT<\/span>\n\t\t\t\t\t<\/span>\n\t\t\t\t\t<\/a>\n\t\t\t\t<\/div>\n\t\t\t\t\t\t\t\t<\/div>\n\t\t\t\t<\/div>\n\t\t\t\t<div class=\"elementor-element elementor-element-e230435 elementor-widget elementor-widget-text-editor\" data-id=\"e230435\" data-element_type=\"widget\" data-e-type=\"widget\" data-widget_type=\"text-editor.default\">\n\t\t\t\t<div class=\"elementor-widget-container\">\n\t\t\t\t\t\t\t\t\t<p style=\"text-align: justify;\"><span style=\"color: #800080;\"><strong><span style=\"color: #008000;\">KROK 2:<\/span><br \/><\/strong><\/span>We w\u0142a\u015bciwym miejscu deklaracji wpisz<br \/><span style=\"color: #ff9900;\"><strong>KRS 00000 22992 <\/strong><\/span>oraz uzupe\u0142nij o kwot\u0119 wyliczonego <span style=\"color: #ff9900;\"><strong>1%<\/strong><\/span> podatku.\u00a0<\/p>\t\t\t\t\t\t\t\t<\/div>\n\t\t\t\t<\/div>\n\t\t\t\t<div class=\"elementor-element elementor-element-22d3bf3 elementor-widget elementor-widget-text-editor\" data-id=\"22d3bf3\" data-element_type=\"widget\" data-e-type=\"widget\" data-widget_type=\"text-editor.default\">\n\t\t\t\t<div class=\"elementor-widget-container\">\n\t\t\t\t\t\t\t\t\t<p style=\"text-align: justify;\"><span style=\"color: #800080;\"><strong><span style=\"color: #008000;\">KROK 3:<\/span><br \/><\/strong><\/span>Przeka\u017c deklaracj\u0119 PIT do Urz\u0119du Skarbowego.<\/p>\t\t\t\t\t\t\t\t<\/div>\n\t\t\t\t<\/div>\n\t\t\t\t\t<\/div>\n\t\t<\/div>\n\t\t\t\t\t<\/div>\n\t\t<\/section>\n\t\t\t\t\t<\/div>\n\t\t<\/div>\n\t\t\t\t\t<\/div>\n\t\t<\/section>\n\t\t\t\t\t<\/div>\n\t\t<\/div>\n\t\t\t\t\t<\/div>\n\t\t<\/section>\n\t\t\t\t<\/div>\n\t\t","protected":false},"excerpt":{"rendered":"<p>Podaruj 1% podatku https:\/\/www.ptop.wloclawek.pl\/home\/wp-content\/uploads\/2022\/04\/1procent-PTOP-Wloclawek-konw.mp4 Przeka\u017c nam 1% podatku w ramach rocznej deklaracji podatkowej i pom\u00f3\u017c nam zatroszczy\u0107 si\u0119 o naszych Pacjent\u00f3w i Podopiecznych. Dla Ciebie to niewiele, a dla nas bardzo du\u017co. KROK 1:Wype\u0142nij deklaracj\u0119 podatkow\u0105 PIT. Pobierz druk PIT Tw\u00f3j e-PIT KROK 2:We w\u0142a\u015bciwym miejscu deklaracji wpiszKRS 00000 22992 oraz uzupe\u0142nij o kwot\u0119 wyliczonego [&hellip;]<\/p>\n","protected":false},"author":1,"featured_media":0,"parent":0,"menu_order":0,"comment_status":"closed","ping_status":"closed","template":"","meta":{"ocean_post_layout":"full-screen","ocean_both_sidebars_style":"","ocean_both_sidebars_content_width":0,"ocean_both_sidebars_sidebars_width":0,"ocean_sidebar":"0","ocean_second_sidebar":"0","ocean_disable_margins":"on","ocean_add_body_class":"","ocean_shortcode_before_top_bar":"","ocean_shortcode_after_top_bar":"","ocean_shortcode_before_header":"","ocean_shortcode_after_header":"","ocean_has_shortcode":"","ocean_shortcode_after_title":"","ocean_shortcode_before_footer_widgets":"","ocean_shortcode_after_footer_widgets":"","ocean_shortcode_before_footer_bottom":"","ocean_shortcode_after_footer_bottom":"","ocean_display_top_bar":"off","ocean_display_header":"off","ocean_header_style":"","ocean_center_header_left_menu":"0","ocean_custom_header_template":"0","ocean_custom_logo":0,"ocean_custom_retina_logo":0,"ocean_custom_logo_max_width":0,"ocean_custom_logo_tablet_max_width":0,"ocean_custom_logo_mobile_max_width":0,"ocean_custom_logo_max_height":0,"ocean_custom_logo_tablet_max_height":0,"ocean_custom_logo_mobile_max_height":0,"ocean_header_custom_menu":"0","ocean_menu_typo_font_family":"0","ocean_menu_typo_font_subset":"","ocean_menu_typo_font_size":0,"ocean_menu_typo_font_size_tablet":0,"ocean_menu_typo_font_size_mobile":0,"ocean_menu_typo_font_size_unit":"px","ocean_menu_typo_font_weight":"","ocean_menu_typo_font_weight_tablet":"","ocean_menu_typo_font_weight_mobile":"","ocean_menu_typo_transform":"","ocean_menu_typo_transform_tablet":"","ocean_menu_typo_transform_mobile":"","ocean_menu_typo_line_height":0,"ocean_menu_typo_line_height_tablet":0,"ocean_menu_typo_line_height_mobile":0,"ocean_menu_typo_line_height_unit":"","ocean_menu_typo_spacing":0,"ocean_menu_typo_spacing_tablet":0,"ocean_menu_typo_spacing_mobile":0,"ocean_menu_typo_spacing_unit":"","ocean_menu_link_color":"","ocean_menu_link_color_hover":"","ocean_menu_link_color_active":"","ocean_menu_link_background":"","ocean_menu_link_hover_background":"","ocean_menu_link_active_background":"","ocean_menu_social_links_bg":"","ocean_menu_social_hover_links_bg":"","ocean_menu_social_links_color":"","ocean_menu_social_hover_links_color":"","ocean_disable_title":"on","ocean_disable_heading":"default","ocean_post_title":"","ocean_post_subheading":"","ocean_post_title_style":"","ocean_post_title_background_color":"","ocean_post_title_background":0,"ocean_post_title_bg_image_position":"","ocean_post_title_bg_image_attachment":"","ocean_post_title_bg_image_repeat":"","ocean_post_title_bg_image_size":"","ocean_post_title_height":0,"ocean_post_title_bg_overlay":0.5,"ocean_post_title_bg_overlay_color":"","ocean_disable_breadcrumbs":"default","ocean_breadcrumbs_color":"","ocean_breadcrumbs_separator_color":"","ocean_breadcrumbs_links_color":"","ocean_breadcrumbs_links_hover_color":"","ocean_display_footer_widgets":"off","ocean_display_footer_bottom":"off","ocean_custom_footer_template":"0","footnotes":""},"class_list":["post-10966","page","type-page","status-publish","hentry","entry"],"_links":{"self":[{"href":"https:\/\/www.ptop.wloclawek.pl\/home\/wp-json\/wp\/v2\/pages\/10966","targetHints":{"allow":["GET"]}}],"collection":[{"href":"https:\/\/www.ptop.wloclawek.pl\/home\/wp-json\/wp\/v2\/pages"}],"about":[{"href":"https:\/\/www.ptop.wloclawek.pl\/home\/wp-json\/wp\/v2\/types\/page"}],"author":[{"embeddable":true,"href":"https:\/\/www.ptop.wloclawek.pl\/home\/wp-json\/wp\/v2\/users\/1"}],"replies":[{"embeddable":true,"href":"https:\/\/www.ptop.wloclawek.pl\/home\/wp-json\/wp\/v2\/comments?post=10966"}],"version-history":[{"count":31,"href":"https:\/\/www.ptop.wloclawek.pl\/home\/wp-json\/wp\/v2\/pages\/10966\/revisions"}],"predecessor-version":[{"id":12441,"href":"https:\/\/www.ptop.wloclawek.pl\/home\/wp-json\/wp\/v2\/pages\/10966\/revisions\/12441"}],"wp:attachment":[{"href":"https:\/\/www.ptop.wloclawek.pl\/home\/wp-json\/wp\/v2\/media?parent=10966"}],"curies":[{"name":"wp","href":"https:\/\/api.w.org\/{rel}","templated":true}]}}